{"id":293,"date":"2025-01-29T08:54:42","date_gmt":"2025-01-29T08:54:42","guid":{"rendered":"https:\/\/www.kehuwd.fi\/?page_id=293"},"modified":"2026-04-07T13:06:17","modified_gmt":"2026-04-07T13:06:17","slug":"yksittaiset","status":"publish","type":"page","link":"https:\/\/www.kehuwd.fi\/index.php\/spessut\/yksittaiset\/","title":{"rendered":"Tiivarit ja teematunnit"},"content":{"rendered":"\n<p><\/p>\n\n\n\n<p>Katso Huhtikuun tiivarit ja teema tunnit alta ja ilmoittautu mukaan <a href=\"https:\/\/www.kehuwd.fi\/index.php\/ilmoittautuminen\/\" data-type=\"page\" data-id=\"103\">t\u00e4\u00e4ll\u00e4<\/a>. Oikea lomake l\u00f6ytyy skrollaamalla hieman alas.<\/p>\n\n\n\n<p><\/p>\n\n\n\n<figure class=\"wp-block-gallery has-nested-images columns-default is-cropped wp-block-gallery-1 is-layout-flex wp-block-gallery-is-layout-flex\">\n<figure class=\"wp-block-image size-large\"><img loading=\"lazy\" decoding=\"async\" width=\"724\" height=\"1024\" data-id=\"537\" src=\"https:\/\/www.kehuwd.fi\/wp-content\/uploads\/2026\/04\/3_20260407_124112_0002-724x1024.png\" alt=\"\" class=\"wp-image-537\" srcset=\"https:\/\/www.kehuwd.fi\/wp-content\/uploads\/2026\/04\/3_20260407_124112_0002-724x1024.png 724w, https:\/\/www.kehuwd.fi\/wp-content\/uploads\/2026\/04\/3_20260407_124112_0002-212x300.png 212w, https:\/\/www.kehuwd.fi\/wp-content\/uploads\/2026\/04\/3_20260407_124112_0002-768x1086.png 768w, https:\/\/www.kehuwd.fi\/wp-content\/uploads\/2026\/04\/3_20260407_124112_0002-1086x1536.png 1086w, https:\/\/www.kehuwd.fi\/wp-content\/uploads\/2026\/04\/3_20260407_124112_0002.png 1414w\" sizes=\"auto, (max-width: 724px) 100vw, 724px\" \/><\/figure>\n<\/figure>\n\n\n\n<p><\/p>\n\n\n\n<figure class=\"wp-block-gallery has-nested-images columns-default is-cropped wp-block-gallery-2 is-layout-flex wp-block-gallery-is-layout-flex\">\n<figure class=\"wp-block-image size-large\"><img loading=\"lazy\" decoding=\"async\" width=\"724\" height=\"1024\" data-id=\"539\" src=\"https:\/\/www.kehuwd.fi\/wp-content\/uploads\/2026\/04\/1_20260407_124112_0000-724x1024.png\" alt=\"\" class=\"wp-image-539\" srcset=\"https:\/\/www.kehuwd.fi\/wp-content\/uploads\/2026\/04\/1_20260407_124112_0000-724x1024.png 724w, https:\/\/www.kehuwd.fi\/wp-content\/uploads\/2026\/04\/1_20260407_124112_0000-212x300.png 212w, https:\/\/www.kehuwd.fi\/wp-content\/uploads\/2026\/04\/1_20260407_124112_0000-768x1086.png 768w, https:\/\/www.kehuwd.fi\/wp-content\/uploads\/2026\/04\/1_20260407_124112_0000-1086x1536.png 1086w, https:\/\/www.kehuwd.fi\/wp-content\/uploads\/2026\/04\/1_20260407_124112_0000.png 1414w\" sizes=\"auto, (max-width: 724px) 100vw, 724px\" \/><\/figure>\n\n\n\n<figure class=\"wp-block-image size-large\"><img loading=\"lazy\" decoding=\"async\" width=\"724\" height=\"1024\" data-id=\"538\" src=\"https:\/\/www.kehuwd.fi\/wp-content\/uploads\/2026\/04\/2_20260407_124112_0001-724x1024.png\" alt=\"\" class=\"wp-image-538\" srcset=\"https:\/\/www.kehuwd.fi\/wp-content\/uploads\/2026\/04\/2_20260407_124112_0001-724x1024.png 724w, https:\/\/www.kehuwd.fi\/wp-content\/uploads\/2026\/04\/2_20260407_124112_0001-212x300.png 212w, https:\/\/www.kehuwd.fi\/wp-content\/uploads\/2026\/04\/2_20260407_124112_0001-768x1086.png 768w, https:\/\/www.kehuwd.fi\/wp-content\/uploads\/2026\/04\/2_20260407_124112_0001-1086x1536.png 1086w, https:\/\/www.kehuwd.fi\/wp-content\/uploads\/2026\/04\/2_20260407_124112_0001.png 1414w\" sizes=\"auto, (max-width: 724px) 100vw, 724px\" \/><\/figure>\n<\/figure>\n\n\n\n<h2 class=\"wp-block-heading\">Ilmoittaudu mukaan huhtikuun spessuille<\/h2>\n\n\n<style id=\"wpforms-css-vars-451-block-421b1623-6e7a-49d7-95a8-9efcb7527e73\">\n\t\t\t\t#wpforms-451.wpforms-block-421b1623-6e7a-49d7-95a8-9efcb7527e73 {\n\t\t\t\t--wpforms-field-size-input-height: 43px;\n--wpforms-field-size-input-spacing: 15px;\n--wpforms-field-size-font-size: 16px;\n--wpforms-field-size-line-height: 19px;\n--wpforms-field-size-padding-h: 14px;\n--wpforms-field-size-checkbox-size: 16px;\n--wpforms-field-size-sublabel-spacing: 5px;\n--wpforms-field-size-icon-size: 1;\n--wpforms-label-size-font-size: 16px;\n--wpforms-label-size-line-height: 19px;\n--wpforms-label-size-sublabel-font-size: 14px;\n--wpforms-label-size-sublabel-line-height: 17px;\n--wpforms-button-size-font-size: 17px;\n--wpforms-button-size-height: 41px;\n--wpforms-button-size-padding-h: 15px;\n--wpforms-button-size-margin-top: 10px;\n\t\t\t}\n\t\t\t<\/style><div class=\"wpforms-container wpforms-container-full wpforms-block wpforms-block-421b1623-6e7a-49d7-95a8-9efcb7527e73 wpforms-render-modern\" id=\"wpforms-451\"><form id=\"wpforms-form-451\" class=\"wpforms-validate wpforms-form wpforms-ajax-form\" data-formid=\"451\" method=\"post\" enctype=\"multipart\/form-data\" action=\"\/index.php\/wp-json\/wp\/v2\/pages\/293\" data-token=\"c845c62ab24fceb24206b8af9d507862\" data-token-time=\"1776938943\"><noscript class=\"wpforms-error-noscript\">Please enable JavaScript in your browser to complete this form.<\/noscript><div id=\"wpforms-error-noscript\" style=\"display: none;\">Please enable JavaScript in your browser to complete this form.<\/div><div class=\"wpforms-field-container\"><div id=\"wpforms-451-field_1-container\" class=\"wpforms-field wpforms-field-name\" data-field-id=\"1\"><label class=\"wpforms-field-label\" for=\"wpforms-451-field_1\">Nimi <span class=\"wpforms-required-label\" aria-hidden=\"true\">*<\/span><\/label><input type=\"text\" id=\"wpforms-451-field_1\" class=\"wpforms-field-medium wpforms-field-required\" name=\"wpforms[fields][1]\" aria-errormessage=\"wpforms-451-field_1-error\" required><\/div><div id=\"wpforms-451-field_2-container\" class=\"wpforms-field wpforms-field-email\" data-field-id=\"2\"><label class=\"wpforms-field-label\" for=\"wpforms-451-field_2\">S\u00e4hk\u00f6postiosoite <span class=\"wpforms-required-label\" aria-hidden=\"true\">*<\/span><\/label><input type=\"email\" id=\"wpforms-451-field_2\" class=\"wpforms-field-medium wpforms-field-required\" name=\"wpforms[fields][2]\" spellcheck=\"false\" aria-errormessage=\"wpforms-451-field_2-error\" required><\/div>\t\t<div id=\"wpforms-451-field_6-container\"\n\t\t\tclass=\"wpforms-field wpforms-field-text\"\n\t\t\tdata-field-type=\"text\"\n\t\t\tdata-field-id=\"6\"\n\t\t\t>\n\t\t\t<label class=\"wpforms-field-label\" for=\"wpforms-451-field_6\" >s\u00e4ilytt\u00e4\u00e4 ilmoittautua liittyv\u00e4\u00e4<\/label>\n\t\t\t<input type=\"text\" id=\"wpforms-451-field_6\" class=\"wpforms-field-medium\" name=\"wpforms[fields][6]\" >\n\t\t<\/div>\n\t\t<div id=\"wpforms-451-field_3-container\" class=\"wpforms-field wpforms-field-number\" data-field-id=\"3\"><label class=\"wpforms-field-label\" for=\"wpforms-451-field_3\">Puhelinnumero <span class=\"wpforms-required-label\" aria-hidden=\"true\">*<\/span><\/label><input type=\"number\" id=\"wpforms-451-field_3\" class=\"wpforms-field-medium wpforms-field-required\" name=\"wpforms[fields][3]\" step=\"any\" aria-errormessage=\"wpforms-451-field_3-error\" required><\/div><div id=\"wpforms-451-field_4-container\" class=\"wpforms-field wpforms-field-textarea\" data-field-id=\"4\"><label class=\"wpforms-field-label\" for=\"wpforms-451-field_4\">Ilmoitan tunnille (jos jonkun muun kuin itseni)<\/label><textarea id=\"wpforms-451-field_4\" class=\"wpforms-field-medium\" name=\"wpforms[fields][4]\" aria-errormessage=\"wpforms-451-field_4-error\" ><\/textarea><\/div><div id=\"wpforms-451-field_5-container\" class=\"wpforms-field wpforms-field-radio\" data-field-id=\"5\"><fieldset><legend class=\"wpforms-field-label\">Tunti, jolle haluan ilmoittautua <span class=\"wpforms-required-label\" aria-hidden=\"true\">*<\/span><\/legend><ul id=\"wpforms-451-field_5\" class=\"wpforms-field-required\"><li class=\"choice-4 depth-1\"><input type=\"radio\" id=\"wpforms-451-field_5_4\" name=\"wpforms[fields][5]\" value=\"Lyrical Jazz 2 krt\" aria-errormessage=\"wpforms-451-field_5_4-error\" required ><label class=\"wpforms-field-label-inline\" for=\"wpforms-451-field_5_4\">Lyrical Jazz 2 krt<\/label><\/li><li class=\"choice-5 depth-1\"><input type=\"radio\" id=\"wpforms-451-field_5_5\" name=\"wpforms[fields][5]\" value=\"Tanssi p\u00e4iv\u00e4n aatto 28.4.\" aria-errormessage=\"wpforms-451-field_5_5-error\" required ><label class=\"wpforms-field-label-inline\" for=\"wpforms-451-field_5_5\">Tanssi p\u00e4iv\u00e4n aatto 28.4.<\/label><\/li><\/ul><\/fieldset><\/div><div id=\"wpforms-451-field_7-container\" class=\"wpforms-field wpforms-field-textarea\" data-field-id=\"7\"><label class=\"wpforms-field-label\" for=\"wpforms-451-field_7\">Lis\u00e4tietoja<\/label><textarea id=\"wpforms-451-field_7\" class=\"wpforms-field-medium\" name=\"wpforms[fields][7]\" aria-errormessage=\"wpforms-451-field_7-error\" ><\/textarea><\/div><div id=\"wpforms-451-field_8-container\" class=\"wpforms-field wpforms-field-checkbox\" data-field-id=\"8\"><fieldset><legend class=\"wpforms-field-label\">Tietoni saa s\u00e4ilytt\u00e4\u00e4 kurssikauden ajan kurssiin liittyv\u00e4\u00e4 tiedotusta varten <span class=\"wpforms-required-label\" aria-hidden=\"true\">*<\/span><\/legend><ul id=\"wpforms-451-field_8\" class=\"wpforms-field-required\"><li class=\"choice-1 depth-1\"><input type=\"checkbox\" id=\"wpforms-451-field_8_1\" name=\"wpforms[fields][8][]\" value=\"Hyv\u00e4ksyn\" aria-errormessage=\"wpforms-451-field_8_1-error\" required ><label class=\"wpforms-field-label-inline\" for=\"wpforms-451-field_8_1\">Hyv\u00e4ksyn<\/label><\/li><\/ul><\/fieldset><\/div><div id=\"wpforms-451-field_9-container\" class=\"wpforms-field wpforms-field-checkbox\" data-field-id=\"9\"><fieldset><legend class=\"wpforms-field-label\">Haluan liitty\u00e4 s\u00e4hk\u00f6postilistalle ja saada tietoa tulevista kursseista ja tapahtumista<\/legend><ul id=\"wpforms-451-field_9\"><li class=\"choice-1 depth-1\"><input type=\"checkbox\" id=\"wpforms-451-field_9_1\" name=\"wpforms[fields][9][]\" value=\"Lis\u00e4\u00e4 minut\" aria-errormessage=\"wpforms-451-field_9_1-error\"  ><label class=\"wpforms-field-label-inline\" for=\"wpforms-451-field_9_1\">Lis\u00e4\u00e4 minut<\/label><\/li><\/ul><\/fieldset><\/div><script>\n\t\t\t\t( function() {\n\t\t\t\t\tconst style = document.createElement( 'style' );\n\t\t\t\t\tstyle.appendChild( document.createTextNode( '#wpforms-451-field_6-container { position: absolute !important; overflow: hidden !important; display: inline !important; height: 1px !important; width: 1px !important; z-index: -1000 !important; padding: 0 !important; } #wpforms-451-field_6-container input { visibility: hidden; } #wpforms-conversational-form-page #wpforms-451-field_6-container label { counter-increment: none; }' ) );\n\t\t\t\t\tdocument.head.appendChild( style );\n\t\t\t\t\tdocument.currentScript?.remove();\n\t\t\t\t} )();\n\t\t\t<\/script><\/div><!-- .wpforms-field-container --><div class=\"wpforms-submit-container\" ><input type=\"hidden\" name=\"wpforms[id]\" value=\"451\"><input type=\"hidden\" name=\"page_title\" value=\"\"><input type=\"hidden\" name=\"page_url\" value=\"https:\/\/www.kehuwd.fi\/index.php\/wp-json\/wp\/v2\/pages\/293\"><input type=\"hidden\" name=\"url_referer\" value=\"\"><button type=\"submit\" name=\"wpforms[submit]\" id=\"wpforms-submit-451\" class=\"wpforms-submit\" data-alt-text=\"Ilmoittautumista l\u00e4hetet\u00e4\u00e4n...\" data-submit-text=\"L\u00e4het\u00e4\" aria-live=\"assertive\" value=\"wpforms-submit\">L\u00e4het\u00e4<\/button><img loading=\"lazy\" decoding=\"async\" src=\"https:\/\/www.kehuwd.fi\/wp-content\/plugins\/wpforms-lite\/assets\/images\/submit-spin.svg\" class=\"wpforms-submit-spinner\" style=\"display: none;\" width=\"26\" height=\"26\" alt=\"Loading\"><\/div><\/form><\/div>  <!-- .wpforms-container -->","protected":false},"excerpt":{"rendered":"<p>Katso Huhtikuun tiivarit ja teema tunnit alta ja ilmoittautu mukaan t\u00e4\u00e4ll\u00e4. Oikea lomake l\u00f6ytyy skrollaamalla hieman alas. Ilmoittaudu mukaan huhtikuun spessuille<\/p>\n","protected":false},"author":1,"featured_media":0,"parent":168,"menu_order":0,"comment_status":"closed","ping_status":"closed","template":"","meta":{"footnotes":""},"class_list":["post-293","page","type-page","status-publish","hentry"],"_links":{"self":[{"href":"https:\/\/www.kehuwd.fi\/index.php\/wp-json\/wp\/v2\/pages\/293","targetHints":{"allow":["GET"]}}],"collection":[{"href":"https:\/\/www.kehuwd.fi\/index.php\/wp-json\/wp\/v2\/pages"}],"about":[{"href":"https:\/\/www.kehuwd.fi\/index.php\/wp-json\/wp\/v2\/types\/page"}],"author":[{"embeddable":true,"href":"https:\/\/www.kehuwd.fi\/index.php\/wp-json\/wp\/v2\/users\/1"}],"replies":[{"embeddable":true,"href":"https:\/\/www.kehuwd.fi\/index.php\/wp-json\/wp\/v2\/comments?post=293"}],"version-history":[{"count":10,"href":"https:\/\/www.kehuwd.fi\/index.php\/wp-json\/wp\/v2\/pages\/293\/revisions"}],"predecessor-version":[{"id":546,"href":"https:\/\/www.kehuwd.fi\/index.php\/wp-json\/wp\/v2\/pages\/293\/revisions\/546"}],"up":[{"embeddable":true,"href":"https:\/\/www.kehuwd.fi\/index.php\/wp-json\/wp\/v2\/pages\/168"}],"wp:attachment":[{"href":"https:\/\/www.kehuwd.fi\/index.php\/wp-json\/wp\/v2\/media?parent=293"}],"curies":[{"name":"wp","href":"https:\/\/api.w.org\/{rel}","templated":true}]}}