{"id":276,"date":"2025-01-29T08:29:47","date_gmt":"2025-01-29T08:29:47","guid":{"rendered":"https:\/\/www.kehuwd.fi\/?page_id=276"},"modified":"2026-04-07T09:56:34","modified_gmt":"2026-04-07T09:56:34","slug":"lyhytkurssit","status":"publish","type":"page","link":"https:\/\/www.kehuwd.fi\/index.php\/spessut\/lyhytkurssit\/","title":{"rendered":"Lyhytkurssit"},"content":{"rendered":"\n<p class=\"has-large-font-size\">Lyhytkurssimme ovat kestoltaan 3 &#8211; 6 kertaa. N\u00e4in p\u00e4\u00e4set harrastamaan ilman pitk\u00e4\u00e4 sitoutumista tiettyyn ajankohtaan.<\/p>\n\n\n\n<p>Kes\u00e4kausi 2026 toteutetaan touko-kes\u00e4kuussa 6 kerran kursseina. Voit tulla mukaan my\u00f6s vain touko- tai kes\u00e4kuulle (3krt).<\/p>\n\n\n\n<p class=\"has-large-font-size\">Katso tarkemmat tiedot alta ja ilmoittaudu mukaan <a href=\"https:\/\/www.kehuwd.fi\/index.php\/ilmoittautuminen\/\" data-type=\"page\" data-id=\"103\">t\u00e4\u00e4ll\u00e4<\/a>.<\/p>\n\n\n\n<p class=\"has-large-font-size\"><\/p>\n\n\n\n<figure class=\"wp-block-gallery has-nested-images columns-default is-cropped wp-block-gallery-1 is-layout-flex wp-block-gallery-is-layout-flex\">\n<figure class=\"wp-block-image size-large\"><img loading=\"lazy\" decoding=\"async\" width=\"819\" height=\"1024\" data-id=\"528\" src=\"https:\/\/www.kehuwd.fi\/wp-content\/uploads\/2026\/04\/3_20260407_124502_0000-819x1024.png\" alt=\"\" class=\"wp-image-528\" srcset=\"https:\/\/www.kehuwd.fi\/wp-content\/uploads\/2026\/04\/3_20260407_124502_0000-819x1024.png 819w, https:\/\/www.kehuwd.fi\/wp-content\/uploads\/2026\/04\/3_20260407_124502_0000-240x300.png 240w, https:\/\/www.kehuwd.fi\/wp-content\/uploads\/2026\/04\/3_20260407_124502_0000-768x960.png 768w, https:\/\/www.kehuwd.fi\/wp-content\/uploads\/2026\/04\/3_20260407_124502_0000.png 1080w\" sizes=\"auto, (max-width: 819px) 100vw, 819px\" \/><\/figure>\n<\/figure>\n\n\n\n<h2 class=\"wp-block-heading\">Maanantaisin<\/h2>\n\n\n\n<p>HUOM! Aloitus jo 27.4.<\/p>\n\n\n\n<figure class=\"wp-block-gallery has-nested-images columns-default is-cropped wp-block-gallery-2 is-layout-flex wp-block-gallery-is-layout-flex\">\n<figure class=\"wp-block-image size-large\"><img loading=\"lazy\" decoding=\"async\" width=\"819\" height=\"1024\" data-id=\"533\" src=\"https:\/\/www.kehuwd.fi\/wp-content\/uploads\/2026\/04\/4_20260407_124502_0001-819x1024.png\" alt=\"\" class=\"wp-image-533\" srcset=\"https:\/\/www.kehuwd.fi\/wp-content\/uploads\/2026\/04\/4_20260407_124502_0001-819x1024.png 819w, https:\/\/www.kehuwd.fi\/wp-content\/uploads\/2026\/04\/4_20260407_124502_0001-240x300.png 240w, https:\/\/www.kehuwd.fi\/wp-content\/uploads\/2026\/04\/4_20260407_124502_0001-768x960.png 768w, https:\/\/www.kehuwd.fi\/wp-content\/uploads\/2026\/04\/4_20260407_124502_0001.png 1080w\" sizes=\"auto, (max-width: 819px) 100vw, 819px\" \/><\/figure>\n\n\n\n<figure class=\"wp-block-image size-large\"><img loading=\"lazy\" decoding=\"async\" width=\"1024\" height=\"1024\" data-id=\"534\" src=\"https:\/\/www.kehuwd.fi\/wp-content\/uploads\/2026\/04\/Kopio_-Kopio_-Kopio_-Kopio_-Kopio_-Venla-Mantere_20250129_104636_0001-1024x1024.png\" alt=\"\" class=\"wp-image-534\" srcset=\"https:\/\/www.kehuwd.fi\/wp-content\/uploads\/2026\/04\/Kopio_-Kopio_-Kopio_-Kopio_-Kopio_-Venla-Mantere_20250129_104636_0001-1024x1024.png 1024w, https:\/\/www.kehuwd.fi\/wp-content\/uploads\/2026\/04\/Kopio_-Kopio_-Kopio_-Kopio_-Kopio_-Venla-Mantere_20250129_104636_0001-300x300.png 300w, https:\/\/www.kehuwd.fi\/wp-content\/uploads\/2026\/04\/Kopio_-Kopio_-Kopio_-Kopio_-Kopio_-Venla-Mantere_20250129_104636_0001-150x150.png 150w, https:\/\/www.kehuwd.fi\/wp-content\/uploads\/2026\/04\/Kopio_-Kopio_-Kopio_-Kopio_-Kopio_-Venla-Mantere_20250129_104636_0001-768x768.png 768w, https:\/\/www.kehuwd.fi\/wp-content\/uploads\/2026\/04\/Kopio_-Kopio_-Kopio_-Kopio_-Kopio_-Venla-Mantere_20250129_104636_0001.png 1080w\" sizes=\"auto, (max-width: 1024px) 100vw, 1024px\" \/><\/figure>\n<\/figure>\n\n\n\n<h2 class=\"wp-block-heading\">Tiistaisin<\/h2>\n\n\n\n<figure class=\"wp-block-gallery has-nested-images columns-default is-cropped wp-block-gallery-3 is-layout-flex wp-block-gallery-is-layout-flex\">\n<figure class=\"wp-block-image size-large\"><img loading=\"lazy\" decoding=\"async\" width=\"819\" height=\"1024\" data-id=\"530\" src=\"https:\/\/www.kehuwd.fi\/wp-content\/uploads\/2026\/04\/5_20260407_124502_0002-819x1024.png\" alt=\"\" class=\"wp-image-530\" srcset=\"https:\/\/www.kehuwd.fi\/wp-content\/uploads\/2026\/04\/5_20260407_124502_0002-819x1024.png 819w, https:\/\/www.kehuwd.fi\/wp-content\/uploads\/2026\/04\/5_20260407_124502_0002-240x300.png 240w, https:\/\/www.kehuwd.fi\/wp-content\/uploads\/2026\/04\/5_20260407_124502_0002-768x960.png 768w, https:\/\/www.kehuwd.fi\/wp-content\/uploads\/2026\/04\/5_20260407_124502_0002.png 1080w\" sizes=\"auto, (max-width: 819px) 100vw, 819px\" \/><\/figure>\n\n\n\n<figure class=\"wp-block-image size-large\"><img loading=\"lazy\" decoding=\"async\" width=\"819\" height=\"1024\" data-id=\"347\" src=\"http:\/\/www.kehuwd.fi\/wp-content\/uploads\/2025\/06\/tanssi-10-opt-819x1024.png\" alt=\"\" class=\"wp-image-347\" srcset=\"https:\/\/www.kehuwd.fi\/wp-content\/uploads\/2025\/06\/tanssi-10-opt-819x1024.png 819w, https:\/\/www.kehuwd.fi\/wp-content\/uploads\/2025\/06\/tanssi-10-opt-240x300.png 240w, https:\/\/www.kehuwd.fi\/wp-content\/uploads\/2025\/06\/tanssi-10-opt-768x960.png 768w, https:\/\/www.kehuwd.fi\/wp-content\/uploads\/2025\/06\/tanssi-10-opt.png 1080w\" sizes=\"auto, (max-width: 819px) 100vw, 819px\" \/><\/figure>\n<\/figure>\n\n\n\n<h2 class=\"wp-block-heading\">Keskiviikkoisin<\/h2>\n\n\n\n<figure class=\"wp-block-gallery has-nested-images columns-default is-cropped wp-block-gallery-4 is-layout-flex wp-block-gallery-is-layout-flex\">\n<figure class=\"wp-block-image size-large\"><img loading=\"lazy\" decoding=\"async\" width=\"819\" height=\"1024\" data-id=\"531\" src=\"https:\/\/www.kehuwd.fi\/wp-content\/uploads\/2026\/04\/6_20260407_124502_0003-819x1024.png\" alt=\"\" class=\"wp-image-531\" srcset=\"https:\/\/www.kehuwd.fi\/wp-content\/uploads\/2026\/04\/6_20260407_124502_0003-819x1024.png 819w, https:\/\/www.kehuwd.fi\/wp-content\/uploads\/2026\/04\/6_20260407_124502_0003-240x300.png 240w, https:\/\/www.kehuwd.fi\/wp-content\/uploads\/2026\/04\/6_20260407_124502_0003-768x960.png 768w, https:\/\/www.kehuwd.fi\/wp-content\/uploads\/2026\/04\/6_20260407_124502_0003.png 1080w\" sizes=\"auto, (max-width: 819px) 100vw, 819px\" \/><\/figure>\n\n\n\n<figure class=\"wp-block-image size-large\"><img loading=\"lazy\" decoding=\"async\" width=\"819\" height=\"1024\" data-id=\"280\" src=\"http:\/\/www.kehuwd.fi\/wp-content\/uploads\/2025\/01\/tanssi-19-opt-819x1024.png\" alt=\"\" class=\"wp-image-280\" srcset=\"https:\/\/www.kehuwd.fi\/wp-content\/uploads\/2025\/01\/tanssi-19-opt-819x1024.png 819w, https:\/\/www.kehuwd.fi\/wp-content\/uploads\/2025\/01\/tanssi-19-opt-240x300.png 240w, https:\/\/www.kehuwd.fi\/wp-content\/uploads\/2025\/01\/tanssi-19-opt-768x960.png 768w, https:\/\/www.kehuwd.fi\/wp-content\/uploads\/2025\/01\/tanssi-19-opt.png 1080w\" sizes=\"auto, (max-width: 819px) 100vw, 819px\" \/><\/figure>\n<\/figure>\n\n\n\n<figure class=\"wp-block-gallery has-nested-images columns-default is-cropped wp-block-gallery-5 is-layout-flex wp-block-gallery-is-layout-flex\"><\/figure>\n\n\n\n<h2 class=\"wp-block-heading\">Torstaisin<\/h2>\n\n\n\n<figure class=\"wp-block-gallery has-nested-images columns-default is-cropped wp-block-gallery-6 is-layout-flex wp-block-gallery-is-layout-flex\">\n<figure class=\"wp-block-image size-large\"><img loading=\"lazy\" decoding=\"async\" width=\"819\" height=\"1024\" data-id=\"532\" src=\"https:\/\/www.kehuwd.fi\/wp-content\/uploads\/2026\/04\/7_20260407_124502_0004-819x1024.png\" alt=\"\" class=\"wp-image-532\" srcset=\"https:\/\/www.kehuwd.fi\/wp-content\/uploads\/2026\/04\/7_20260407_124502_0004-819x1024.png 819w, https:\/\/www.kehuwd.fi\/wp-content\/uploads\/2026\/04\/7_20260407_124502_0004-240x300.png 240w, https:\/\/www.kehuwd.fi\/wp-content\/uploads\/2026\/04\/7_20260407_124502_0004-768x960.png 768w, https:\/\/www.kehuwd.fi\/wp-content\/uploads\/2026\/04\/7_20260407_124502_0004.png 1080w\" sizes=\"auto, (max-width: 819px) 100vw, 819px\" \/><\/figure>\n\n\n\n<figure class=\"wp-block-image size-large\"><img loading=\"lazy\" decoding=\"async\" width=\"1024\" height=\"1024\" data-id=\"47\" src=\"http:\/\/www.kehuwd.fi\/wp-content\/uploads\/2024\/09\/balettitossut-2-1024x1024.png\" alt=\"\" class=\"wp-image-47\" srcset=\"https:\/\/www.kehuwd.fi\/wp-content\/uploads\/2024\/09\/balettitossut-2-1024x1024.png 1024w, https:\/\/www.kehuwd.fi\/wp-content\/uploads\/2024\/09\/balettitossut-2-300x300.png 300w, https:\/\/www.kehuwd.fi\/wp-content\/uploads\/2024\/09\/balettitossut-2-150x150.png 150w, https:\/\/www.kehuwd.fi\/wp-content\/uploads\/2024\/09\/balettitossut-2-768x768.png 768w, https:\/\/www.kehuwd.fi\/wp-content\/uploads\/2024\/09\/balettitossut-2-1536x1536.png 1536w, https:\/\/www.kehuwd.fi\/wp-content\/uploads\/2024\/09\/balettitossut-2-2048x2048.png 2048w\" sizes=\"auto, (max-width: 1024px) 100vw, 1024px\" \/><\/figure>\n<\/figure>\n\n\n\n<figure class=\"wp-block-gallery has-nested-images columns-default is-cropped wp-block-gallery-7 is-layout-flex wp-block-gallery-is-layout-flex\">\n<figure class=\"wp-block-image size-large\"><img loading=\"lazy\" decoding=\"async\" width=\"819\" height=\"1024\" data-id=\"525\" src=\"https:\/\/www.kehuwd.fi\/wp-content\/uploads\/2026\/04\/8_20260407_124502_0005-819x1024.png\" alt=\"\" class=\"wp-image-525\" srcset=\"https:\/\/www.kehuwd.fi\/wp-content\/uploads\/2026\/04\/8_20260407_124502_0005-819x1024.png 819w, https:\/\/www.kehuwd.fi\/wp-content\/uploads\/2026\/04\/8_20260407_124502_0005-240x300.png 240w, https:\/\/www.kehuwd.fi\/wp-content\/uploads\/2026\/04\/8_20260407_124502_0005-768x960.png 768w, https:\/\/www.kehuwd.fi\/wp-content\/uploads\/2026\/04\/8_20260407_124502_0005.png 1080w\" sizes=\"auto, (max-width: 819px) 100vw, 819px\" \/><\/figure>\n\n\n\n<figure class=\"wp-block-image size-large\"><img loading=\"lazy\" decoding=\"async\" width=\"819\" height=\"1024\" data-id=\"526\" src=\"https:\/\/www.kehuwd.fi\/wp-content\/uploads\/2026\/04\/10_20260407_124502_0007-819x1024.png\" alt=\"\" class=\"wp-image-526\" srcset=\"https:\/\/www.kehuwd.fi\/wp-content\/uploads\/2026\/04\/10_20260407_124502_0007-819x1024.png 819w, https:\/\/www.kehuwd.fi\/wp-content\/uploads\/2026\/04\/10_20260407_124502_0007-240x300.png 240w, https:\/\/www.kehuwd.fi\/wp-content\/uploads\/2026\/04\/10_20260407_124502_0007-768x960.png 768w, https:\/\/www.kehuwd.fi\/wp-content\/uploads\/2026\/04\/10_20260407_124502_0007.png 1080w\" sizes=\"auto, (max-width: 819px) 100vw, 819px\" \/><\/figure>\n<\/figure>\n\n\n\n<figure class=\"wp-block-gallery has-nested-images columns-default is-cropped wp-block-gallery-8 is-layout-flex wp-block-gallery-is-layout-flex\"><\/figure>\n\n\n\n<figure class=\"wp-block-gallery has-nested-images columns-default is-cropped wp-block-gallery-9 is-layout-flex wp-block-gallery-is-layout-flex\"><\/figure>\n\n\n\n<figure class=\"wp-block-image size-large\"><img loading=\"lazy\" decoding=\"async\" width=\"819\" height=\"1024\" src=\"http:\/\/www.kehuwd.fi\/wp-content\/uploads\/2024\/09\/kehu-4-opt-6-819x1024.png\" alt=\"\" class=\"wp-image-123\" srcset=\"https:\/\/www.kehuwd.fi\/wp-content\/uploads\/2024\/09\/kehu-4-opt-6-819x1024.png 819w, https:\/\/www.kehuwd.fi\/wp-content\/uploads\/2024\/09\/kehu-4-opt-6-240x300.png 240w, https:\/\/www.kehuwd.fi\/wp-content\/uploads\/2024\/09\/kehu-4-opt-6-768x960.png 768w, https:\/\/www.kehuwd.fi\/wp-content\/uploads\/2024\/09\/kehu-4-opt-6.png 1080w\" sizes=\"auto, (max-width: 819px) 100vw, 819px\" \/><\/figure>\n","protected":false},"excerpt":{"rendered":"<p>Lyhytkurssimme ovat kestoltaan 3 &#8211; 6 kertaa. N\u00e4in p\u00e4\u00e4set harrastamaan ilman pitk\u00e4\u00e4 sitoutumista tiettyyn ajankohtaan. Kes\u00e4kausi 2026 toteutetaan touko-kes\u00e4kuussa 6 kerran kursseina. Voit tulla mukaan my\u00f6s vain touko- tai kes\u00e4kuulle (3krt). Katso tarkemmat tiedot alta ja ilmoittaudu mukaan t\u00e4\u00e4ll\u00e4. Maanantaisin HUOM! Aloitus jo 27.4. Tiistaisin Keskiviikkoisin Torstaisin<\/p>\n","protected":false},"author":1,"featured_media":228,"parent":168,"menu_order":0,"comment_status":"closed","ping_status":"closed","template":"","meta":{"footnotes":""},"class_list":["post-276","page","type-page","status-publish","has-post-thumbnail","hentry"],"_links":{"self":[{"href":"https:\/\/www.kehuwd.fi\/index.php\/wp-json\/wp\/v2\/pages\/276","targetHints":{"allow":["GET"]}}],"collection":[{"href":"https:\/\/www.kehuwd.fi\/index.php\/wp-json\/wp\/v2\/pages"}],"about":[{"href":"https:\/\/www.kehuwd.fi\/index.php\/wp-json\/wp\/v2\/types\/page"}],"author":[{"embeddable":true,"href":"https:\/\/www.kehuwd.fi\/index.php\/wp-json\/wp\/v2\/users\/1"}],"replies":[{"embeddable":true,"href":"https:\/\/www.kehuwd.fi\/index.php\/wp-json\/wp\/v2\/comments?post=276"}],"version-history":[{"count":10,"href":"https:\/\/www.kehuwd.fi\/index.php\/wp-json\/wp\/v2\/pages\/276\/revisions"}],"predecessor-version":[{"id":535,"href":"https:\/\/www.kehuwd.fi\/index.php\/wp-json\/wp\/v2\/pages\/276\/revisions\/535"}],"up":[{"embeddable":true,"href":"https:\/\/www.kehuwd.fi\/index.php\/wp-json\/wp\/v2\/pages\/168"}],"wp:featuredmedia":[{"embeddable":true,"href":"https:\/\/www.kehuwd.fi\/index.php\/wp-json\/wp\/v2\/media\/228"}],"wp:attachment":[{"href":"https:\/\/www.kehuwd.fi\/index.php\/wp-json\/wp\/v2\/media?parent=276"}],"curies":[{"name":"wp","href":"https:\/\/api.w.org\/{rel}","templated":true}]}}