{"id":15,"date":"2024-09-15T17:41:20","date_gmt":"2024-09-15T17:41:20","guid":{"rendered":"https:\/\/www.kehuwd.fi\/?page_id=15"},"modified":"2024-09-22T12:27:58","modified_gmt":"2024-09-22T12:27:58","slug":"luennot-ja-koulutukset","status":"publish","type":"page","link":"https:\/\/www.kehuwd.fi\/index.php\/luennot-ja-koulutukset\/","title":{"rendered":"Luennot ja koulutukset"},"content":{"rendered":"\n<p>Voit tilata meilt\u00e4 juuri teid\u00e4n porukallenne r\u00e4\u00e4t\u00e4l\u00f6idyn luennon tai koulutuksen.<\/p>\n\n\n\n<p class=\"has-contrast-2-color has-text-color has-link-color has-large-font-size wp-elements-cb9d544b9e8beb3f9da384c528885b6f\">Osaamisalueemme ovat:<\/p>\n\n\n\n<p class=\"has-gradient-4-gradient-background has-background\">\u2022 Kokonaisvaltainen hyvinvointi (sis. ravitsemus, liikkuminen, voimavarojen kartoitus ja lempeys omaa itse\u00e4 kohtaan)<\/p>\n\n\n\n<p class=\"has-gradient-3-gradient-background has-background\">\u2022 Turvallisemman tilan luominen ja monimuotoisuuden arvostaminen<\/p>\n\n\n\n<p class=\"has-background\" style=\"background:linear-gradient(180deg,rgb(243,156,203) 0%,rgb(249,249,249) 100%)\">\u2022 Lempe\u00e4n j\u00e4m\u00e4kk\u00e4 ryhm\u00e4nohjaus<\/p>\n\n\n\n<p class=\"has-gradient-2-gradient-background has-background\">\u2022 Kehotunnekasvatuksen ja seksuaalikasvatuksen moninaiset teemat<\/p>\n\n\n\n<p><\/p>\n\n\n\n<p><\/p>\n\n\n\n<p class=\"has-text-align-center has-contrast-2-color has-text-color has-link-color has-large-font-size wp-elements-0a193ec2e82b7dd20c2ecee8cf65a63e\">Kysy lis\u00e4\u00e4, pyyd\u00e4 tarjous, tee varaus: toimisto@kehuwd.fi<\/p>\n\n\n\n<div class=\"wp-block-cover aligncenter is-light has-custom-content-position is-position-bottom-right\" style=\"min-height:624px;aspect-ratio:unset;\"><span aria-hidden=\"true\" class=\"wp-block-cover__background has-background-dim-0 has-background-dim\"><\/span><img loading=\"lazy\" decoding=\"async\" width=\"683\" height=\"1024\" class=\"wp-block-cover__image-background wp-image-31\" alt=\"\" src=\"https:\/\/www.kehuwd.fi\/wp-content\/uploads\/2024\/09\/ValmisVenlaRuissalo_MG_2817-683x1024.jpg\" data-object-fit=\"cover\" srcset=\"https:\/\/www.kehuwd.fi\/wp-content\/uploads\/2024\/09\/ValmisVenlaRuissalo_MG_2817-683x1024.jpg 683w, https:\/\/www.kehuwd.fi\/wp-content\/uploads\/2024\/09\/ValmisVenlaRuissalo_MG_2817-200x300.jpg 200w, https:\/\/www.kehuwd.fi\/wp-content\/uploads\/2024\/09\/ValmisVenlaRuissalo_MG_2817-768x1152.jpg 768w, https:\/\/www.kehuwd.fi\/wp-content\/uploads\/2024\/09\/ValmisVenlaRuissalo_MG_2817-1024x1536.jpg 1024w, https:\/\/www.kehuwd.fi\/wp-content\/uploads\/2024\/09\/ValmisVenlaRuissalo_MG_2817-1365x2048.jpg 1365w, https:\/\/www.kehuwd.fi\/wp-content\/uploads\/2024\/09\/ValmisVenlaRuissalo_MG_2817-scaled.jpg 1707w\" sizes=\"auto, (max-width: 683px) 100vw, 683px\" \/><div class=\"wp-block-cover__inner-container is-layout-flow wp-block-cover-is-layout-flow\">\n<p class=\"has-text-align-center has-large-font-size\"><\/p>\n<\/div><\/div>\n\n\n\n<figure class=\"wp-block-image aligncenter size-large\"><img loading=\"lazy\" decoding=\"async\" width=\"1024\" height=\"1024\" src=\"https:\/\/www.kehuwd.fi\/wp-content\/uploads\/2024\/09\/IMG_20230128_215439_904-1024x1024.webp\" alt=\"\" class=\"wp-image-32\" srcset=\"https:\/\/www.kehuwd.fi\/wp-content\/uploads\/2024\/09\/IMG_20230128_215439_904-1024x1024.webp 1024w, https:\/\/www.kehuwd.fi\/wp-content\/uploads\/2024\/09\/IMG_20230128_215439_904-300x300.webp 300w, https:\/\/www.kehuwd.fi\/wp-content\/uploads\/2024\/09\/IMG_20230128_215439_904-150x150.webp 150w, https:\/\/www.kehuwd.fi\/wp-content\/uploads\/2024\/09\/IMG_20230128_215439_904-768x768.webp 768w, https:\/\/www.kehuwd.fi\/wp-content\/uploads\/2024\/09\/IMG_20230128_215439_904.webp 1080w\" sizes=\"auto, (max-width: 1024px) 100vw, 1024px\" \/><\/figure>\n\n\n\n<p><\/p>\n","protected":false},"excerpt":{"rendered":"<p>Voit tilata meilt\u00e4 juuri teid\u00e4n porukallenne r\u00e4\u00e4t\u00e4l\u00f6idyn luennon tai koulutuksen. Osaamisalueemme ovat: \u2022 Kokonaisvaltainen hyvinvointi (sis. ravitsemus, liikkuminen, voimavarojen kartoitus ja lempeys omaa itse\u00e4 kohtaan) \u2022 Turvallisemman tilan luominen ja monimuotoisuuden arvostaminen \u2022 Lempe\u00e4n j\u00e4m\u00e4kk\u00e4 ryhm\u00e4nohjaus \u2022 Kehotunnekasvatuksen ja seksuaalikasvatuksen moninaiset teemat Kysy lis\u00e4\u00e4, pyyd\u00e4 tarjous, tee varaus: toimisto@kehuwd.fi<\/p>\n","protected":false},"author":1,"featured_media":0,"parent":0,"menu_order":0,"comment_status":"closed","ping_status":"closed","template":"","meta":{"footnotes":""},"class_list":["post-15","page","type-page","status-publish","hentry"],"_links":{"self":[{"href":"https:\/\/www.kehuwd.fi\/index.php\/wp-json\/wp\/v2\/pages\/15","targetHints":{"allow":["GET"]}}],"collection":[{"href":"https:\/\/www.kehuwd.fi\/index.php\/wp-json\/wp\/v2\/pages"}],"about":[{"href":"https:\/\/www.kehuwd.fi\/index.php\/wp-json\/wp\/v2\/types\/page"}],"author":[{"embeddable":true,"href":"https:\/\/www.kehuwd.fi\/index.php\/wp-json\/wp\/v2\/users\/1"}],"replies":[{"embeddable":true,"href":"https:\/\/www.kehuwd.fi\/index.php\/wp-json\/wp\/v2\/comments?post=15"}],"version-history":[{"count":3,"href":"https:\/\/www.kehuwd.fi\/index.php\/wp-json\/wp\/v2\/pages\/15\/revisions"}],"predecessor-version":[{"id":135,"href":"https:\/\/www.kehuwd.fi\/index.php\/wp-json\/wp\/v2\/pages\/15\/revisions\/135"}],"wp:attachment":[{"href":"https:\/\/www.kehuwd.fi\/index.php\/wp-json\/wp\/v2\/media?parent=15"}],"curies":[{"name":"wp","href":"https:\/\/api.w.org\/{rel}","templated":true}]}}