{"id":144,"date":"2024-09-22T16:09:02","date_gmt":"2024-09-22T16:09:02","guid":{"rendered":"https:\/\/www.kehuwd.fi\/?page_id=144"},"modified":"2024-09-22T16:09:03","modified_gmt":"2024-09-22T16:09:03","slug":"tarinamme","status":"publish","type":"page","link":"https:\/\/www.kehuwd.fi\/index.php\/tarinamme\/","title":{"rendered":"Tarinamme"},"content":{"rendered":"\n<p>Pian p\u00e4\u00e4set lukemaan t\u00e4lt\u00e4 sivulta tarkemmin meist\u00e4 yrityksen\u00e4.<\/p>\n","protected":false},"excerpt":{"rendered":"<p>Pian p\u00e4\u00e4set lukemaan t\u00e4lt\u00e4 sivulta tarkemmin meist\u00e4 yrityksen\u00e4.<\/p>\n","protected":false},"author":1,"featured_media":0,"parent":0,"menu_order":0,"comment_status":"closed","ping_status":"closed","template":"","meta":{"footnotes":""},"class_list":["post-144","page","type-page","status-publish","hentry"],"_links":{"self":[{"href":"https:\/\/www.kehuwd.fi\/index.php\/wp-json\/wp\/v2\/pages\/144","targetHints":{"allow":["GET"]}}],"collection":[{"href":"https:\/\/www.kehuwd.fi\/index.php\/wp-json\/wp\/v2\/pages"}],"about":[{"href":"https:\/\/www.kehuwd.fi\/index.php\/wp-json\/wp\/v2\/types\/page"}],"author":[{"embeddable":true,"href":"https:\/\/www.kehuwd.fi\/index.php\/wp-json\/wp\/v2\/users\/1"}],"replies":[{"embeddable":true,"href":"https:\/\/www.kehuwd.fi\/index.php\/wp-json\/wp\/v2\/comments?post=144"}],"version-history":[{"count":1,"href":"https:\/\/www.kehuwd.fi\/index.php\/wp-json\/wp\/v2\/pages\/144\/revisions"}],"predecessor-version":[{"id":145,"href":"https:\/\/www.kehuwd.fi\/index.php\/wp-json\/wp\/v2\/pages\/144\/revisions\/145"}],"wp:attachment":[{"href":"https:\/\/www.kehuwd.fi\/index.php\/wp-json\/wp\/v2\/media?parent=144"}],"curies":[{"name":"wp","href":"https:\/\/api.w.org\/{rel}","templated":true}]}}