{"id":136,"date":"2024-09-22T16:04:33","date_gmt":"2024-09-22T16:04:33","guid":{"rendered":"https:\/\/www.kehuwd.fi\/?page_id=136"},"modified":"2026-01-03T09:29:11","modified_gmt":"2026-01-03T09:29:11","slug":"opettajat","status":"publish","type":"page","link":"https:\/\/www.kehuwd.fi\/index.php\/opettajat\/","title":{"rendered":"Opettajat"},"content":{"rendered":"\n<p>Kaikkia tuntejamme luotsaavat koulutetut opettajat ja ohjaajat, jotka my\u00f6s p\u00e4ivitt\u00e4v\u00e4t omaa osaamistaan s\u00e4\u00e4nn\u00f6llisesti. <\/p>\n\n\n\n<p>Jokainen Kehun opettaja on sitoutunut yll\u00e4pit\u00e4m\u00e4\u00e4n tunneillaan <a href=\"https:\/\/www.kehuwd.fi\/index.php\/turvallisempi-tila\/\" data-type=\"page\" data-id=\"147\">turvallisemman tilan periaatteitamme<\/a>.<\/p>\n\n\n\n<h3 class=\"wp-block-heading\">Venla<\/h3>\n\n\n\n<figure class=\"wp-block-gallery has-nested-images columns-default is-cropped wp-block-gallery-1 is-layout-flex wp-block-gallery-is-layout-flex\">\n<figure class=\"wp-block-image size-large\"><img loading=\"lazy\" decoding=\"async\" width=\"1024\" height=\"1024\" data-id=\"286\" src=\"https:\/\/www.kehuwd.fi\/wp-content\/uploads\/2025\/01\/Kopio_-Kopio_-Kopio_-Kopio_-Kopio_-Venla-Mantere_20250129_104636_0003-1024x1024.png\" alt=\"\" class=\"wp-image-286\" srcset=\"https:\/\/www.kehuwd.fi\/wp-content\/uploads\/2025\/01\/Kopio_-Kopio_-Kopio_-Kopio_-Kopio_-Venla-Mantere_20250129_104636_0003-1024x1024.png 1024w, https:\/\/www.kehuwd.fi\/wp-content\/uploads\/2025\/01\/Kopio_-Kopio_-Kopio_-Kopio_-Kopio_-Venla-Mantere_20250129_104636_0003-300x300.png 300w, https:\/\/www.kehuwd.fi\/wp-content\/uploads\/2025\/01\/Kopio_-Kopio_-Kopio_-Kopio_-Kopio_-Venla-Mantere_20250129_104636_0003-150x150.png 150w, https:\/\/www.kehuwd.fi\/wp-content\/uploads\/2025\/01\/Kopio_-Kopio_-Kopio_-Kopio_-Kopio_-Venla-Mantere_20250129_104636_0003-768x768.png 768w, https:\/\/www.kehuwd.fi\/wp-content\/uploads\/2025\/01\/Kopio_-Kopio_-Kopio_-Kopio_-Kopio_-Venla-Mantere_20250129_104636_0003.png 1080w\" sizes=\"auto, (max-width: 1024px) 100vw, 1024px\" \/><\/figure>\n\n\n\n<figure class=\"wp-block-image size-large\"><img loading=\"lazy\" decoding=\"async\" width=\"1024\" height=\"1024\" data-id=\"139\" src=\"http:\/\/www.kehuwd.fi\/wp-content\/uploads\/2024\/09\/2_20240922_155141_0001-1024x1024.png\" alt=\"\" class=\"wp-image-139\" srcset=\"https:\/\/www.kehuwd.fi\/wp-content\/uploads\/2024\/09\/2_20240922_155141_0001-1024x1024.png 1024w, https:\/\/www.kehuwd.fi\/wp-content\/uploads\/2024\/09\/2_20240922_155141_0001-300x300.png 300w, https:\/\/www.kehuwd.fi\/wp-content\/uploads\/2024\/09\/2_20240922_155141_0001-150x150.png 150w, https:\/\/www.kehuwd.fi\/wp-content\/uploads\/2024\/09\/2_20240922_155141_0001-768x768.png 768w, https:\/\/www.kehuwd.fi\/wp-content\/uploads\/2024\/09\/2_20240922_155141_0001.png 1080w\" sizes=\"auto, (max-width: 1024px) 100vw, 1024px\" \/><\/figure>\n<\/figure>\n\n\n\n<p>Venla Mantere on Kehun Kehun yritt\u00e4j\u00e4 ja perustaja. H\u00e4n on ohjannut tanssia ja liikuntaa eri-ik\u00e4isille lapsille ja aikuisille jo yli 15 vuoden ajan. Oma tanssitausta ulottuu l\u00e4hes 30 vuoden taa. Venla pit\u00e4\u00e4 erityisen t\u00e4rke\u00e4n\u00e4, ett\u00e4 jokainen h\u00e4nen tunneilleen osallistuva saa haastaa itse\u00e4\u00e4n omalla tasollaan. Tanssi ja liikkuminen toteutetaan kuitenkin aina lempeydell\u00e4 omaa kehoa kohtaan, ja onnistumisista iloitaan avoimesti. <\/p>\n\n\n\n<figure class=\"wp-block-pullquote has-text-align-center has-medium-font-size\"><blockquote><p>Tavoitteeni on, ett\u00e4 l\u00e4hdet tunniltani kotiin ylpe\u00e4n\u00e4 itsest\u00e4si. Joskus se tarkoittaa uuden taidon oppimista, joskus itsemy\u00f6t\u00e4tunnon l\u00f6yt\u00e4mist\u00e4 &#8211; usein molempia.<\/p><cite><em>Venla Mantere<\/em><\/cite><\/blockquote><\/figure>\n\n\n\n<h3 class=\"wp-block-heading\">Carita<\/h3>\n\n\n\n<figure class=\"wp-block-gallery has-nested-images columns-default is-cropped wp-block-gallery-2 is-layout-flex wp-block-gallery-is-layout-flex\">\n<figure class=\"wp-block-image size-large\"><img loading=\"lazy\" decoding=\"async\" width=\"1024\" height=\"1024\" data-id=\"289\" src=\"http:\/\/www.kehuwd.fi\/wp-content\/uploads\/2025\/01\/Kopio_-Kopio_-Kopio_-Kopio_-Kopio_-Venla-Mantere_20250129_104636_0000-1024x1024.png\" alt=\"\" class=\"wp-image-289\" srcset=\"https:\/\/www.kehuwd.fi\/wp-content\/uploads\/2025\/01\/Kopio_-Kopio_-Kopio_-Kopio_-Kopio_-Venla-Mantere_20250129_104636_0000-1024x1024.png 1024w, https:\/\/www.kehuwd.fi\/wp-content\/uploads\/2025\/01\/Kopio_-Kopio_-Kopio_-Kopio_-Kopio_-Venla-Mantere_20250129_104636_0000-300x300.png 300w, https:\/\/www.kehuwd.fi\/wp-content\/uploads\/2025\/01\/Kopio_-Kopio_-Kopio_-Kopio_-Kopio_-Venla-Mantere_20250129_104636_0000-150x150.png 150w, https:\/\/www.kehuwd.fi\/wp-content\/uploads\/2025\/01\/Kopio_-Kopio_-Kopio_-Kopio_-Kopio_-Venla-Mantere_20250129_104636_0000-768x768.png 768w, https:\/\/www.kehuwd.fi\/wp-content\/uploads\/2025\/01\/Kopio_-Kopio_-Kopio_-Kopio_-Kopio_-Venla-Mantere_20250129_104636_0000.png 1080w\" sizes=\"auto, (max-width: 1024px) 100vw, 1024px\" \/><\/figure>\n\n\n\n<figure class=\"wp-block-image size-large\"><img loading=\"lazy\" decoding=\"async\" width=\"1024\" height=\"1024\" data-id=\"290\" src=\"http:\/\/www.kehuwd.fi\/wp-content\/uploads\/2025\/01\/Kopio_-Kopio_-Kopio_-Kopio_-Kopio_-Venla-Mantere_20250129_104636_0001-1-1024x1024.png\" alt=\"\" class=\"wp-image-290\" srcset=\"https:\/\/www.kehuwd.fi\/wp-content\/uploads\/2025\/01\/Kopio_-Kopio_-Kopio_-Kopio_-Kopio_-Venla-Mantere_20250129_104636_0001-1-1024x1024.png 1024w, https:\/\/www.kehuwd.fi\/wp-content\/uploads\/2025\/01\/Kopio_-Kopio_-Kopio_-Kopio_-Kopio_-Venla-Mantere_20250129_104636_0001-1-300x300.png 300w, https:\/\/www.kehuwd.fi\/wp-content\/uploads\/2025\/01\/Kopio_-Kopio_-Kopio_-Kopio_-Kopio_-Venla-Mantere_20250129_104636_0001-1-150x150.png 150w, https:\/\/www.kehuwd.fi\/wp-content\/uploads\/2025\/01\/Kopio_-Kopio_-Kopio_-Kopio_-Kopio_-Venla-Mantere_20250129_104636_0001-1-768x768.png 768w, https:\/\/www.kehuwd.fi\/wp-content\/uploads\/2025\/01\/Kopio_-Kopio_-Kopio_-Kopio_-Kopio_-Venla-Mantere_20250129_104636_0001-1.png 1080w\" sizes=\"auto, (max-width: 1024px) 100vw, 1024px\" \/><\/figure>\n<\/figure>\n\n\n\n<p>Carita Ingberg on koulutettu joogaopettaja (Vinyasa ja Yin jooga), hengitys- ja meditaatio-opettaja sek\u00e4 erityisopettaja. <\/p>\n\n\n\n<p><\/p>\n\n\n\n<h3 class=\"wp-block-heading\">Helmi<\/h3>\n\n\n\n<figure class=\"wp-block-gallery has-nested-images columns-default is-cropped wp-block-gallery-3 is-layout-flex wp-block-gallery-is-layout-flex\">\n<figure class=\"wp-block-image size-large\"><img loading=\"lazy\" decoding=\"async\" width=\"1024\" height=\"1024\" data-id=\"287\" src=\"http:\/\/www.kehuwd.fi\/wp-content\/uploads\/2025\/01\/Kopio_-Kopio_-Kopio_-Kopio_-Kopio_-Venla-Mantere_20250129_104636_0002-1024x1024.png\" alt=\"\" class=\"wp-image-287\" srcset=\"https:\/\/www.kehuwd.fi\/wp-content\/uploads\/2025\/01\/Kopio_-Kopio_-Kopio_-Kopio_-Kopio_-Venla-Mantere_20250129_104636_0002-1024x1024.png 1024w, https:\/\/www.kehuwd.fi\/wp-content\/uploads\/2025\/01\/Kopio_-Kopio_-Kopio_-Kopio_-Kopio_-Venla-Mantere_20250129_104636_0002-300x300.png 300w, https:\/\/www.kehuwd.fi\/wp-content\/uploads\/2025\/01\/Kopio_-Kopio_-Kopio_-Kopio_-Kopio_-Venla-Mantere_20250129_104636_0002-150x150.png 150w, https:\/\/www.kehuwd.fi\/wp-content\/uploads\/2025\/01\/Kopio_-Kopio_-Kopio_-Kopio_-Kopio_-Venla-Mantere_20250129_104636_0002-768x768.png 768w, https:\/\/www.kehuwd.fi\/wp-content\/uploads\/2025\/01\/Kopio_-Kopio_-Kopio_-Kopio_-Kopio_-Venla-Mantere_20250129_104636_0002.png 1080w\" sizes=\"auto, (max-width: 1024px) 100vw, 1024px\" \/><\/figure>\n\n\n\n<figure class=\"wp-block-image size-large\"><img loading=\"lazy\" decoding=\"async\" width=\"1024\" height=\"1024\" data-id=\"313\" src=\"http:\/\/www.kehuwd.fi\/wp-content\/uploads\/2025\/04\/4_20240922_155141_0003-1024x1024.png\" alt=\"\" class=\"wp-image-313\" srcset=\"https:\/\/www.kehuwd.fi\/wp-content\/uploads\/2025\/04\/4_20240922_155141_0003-1024x1024.png 1024w, https:\/\/www.kehuwd.fi\/wp-content\/uploads\/2025\/04\/4_20240922_155141_0003-300x300.png 300w, https:\/\/www.kehuwd.fi\/wp-content\/uploads\/2025\/04\/4_20240922_155141_0003-150x150.png 150w, https:\/\/www.kehuwd.fi\/wp-content\/uploads\/2025\/04\/4_20240922_155141_0003-768x768.png 768w, https:\/\/www.kehuwd.fi\/wp-content\/uploads\/2025\/04\/4_20240922_155141_0003.png 1080w\" sizes=\"auto, (max-width: 1024px) 100vw, 1024px\" \/><\/figure>\n<\/figure>\n\n\n\n<p>Helmi Vartiainen opettaa Kehulla lasten tanssitunteja. H\u00e4n on valmistunut Kehu Kids -ohjaajakoulutuksesta (laajuus 90 h) kev\u00e4\u00e4ll\u00e4 2024. Jo t\u00e4t\u00e4 ennen Helmi on kuitenkin ehtinyt kartuttaa reilusti kokemusta lasten kanssa toimimisesta ja my\u00f6s jonkin verran tanssin opettamisesta lapsille.<\/p>\n\n\n\n<figure class=\"wp-block-pullquote is-style-default has-medium-font-size\"><blockquote><p>Haluan luoda jokaiselle turvallisen tilan harrastaa ja kasvaa juuri sellaiseksi kuin on. Jokaiselle on tilaa ja kaikkien tunteita kuunnellaan.<\/p><cite><em>Helmi Vartiainen<\/em><\/cite><\/blockquote><\/figure>\n","protected":false},"excerpt":{"rendered":"<p>Kaikkia tuntejamme luotsaavat koulutetut opettajat ja ohjaajat, jotka my\u00f6s p\u00e4ivitt\u00e4v\u00e4t omaa osaamistaan s\u00e4\u00e4nn\u00f6llisesti. Jokainen Kehun opettaja on sitoutunut yll\u00e4pit\u00e4m\u00e4\u00e4n tunneillaan turvallisemman tilan periaatteitamme. Venla Venla Mantere on Kehun Kehun yritt\u00e4j\u00e4 ja perustaja. H\u00e4n on ohjannut tanssia ja liikuntaa eri-ik\u00e4isille lapsille ja aikuisille jo yli 15 vuoden ajan. Oma tanssitausta ulottuu l\u00e4hes 30 vuoden taa. Venla [&hellip;]<\/p>\n","protected":false},"author":1,"featured_media":0,"parent":0,"menu_order":0,"comment_status":"closed","ping_status":"closed","template":"","meta":{"footnotes":""},"class_list":["post-136","page","type-page","status-publish","hentry"],"_links":{"self":[{"href":"https:\/\/www.kehuwd.fi\/index.php\/wp-json\/wp\/v2\/pages\/136","targetHints":{"allow":["GET"]}}],"collection":[{"href":"https:\/\/www.kehuwd.fi\/index.php\/wp-json\/wp\/v2\/pages"}],"about":[{"href":"https:\/\/www.kehuwd.fi\/index.php\/wp-json\/wp\/v2\/types\/page"}],"author":[{"embeddable":true,"href":"https:\/\/www.kehuwd.fi\/index.php\/wp-json\/wp\/v2\/users\/1"}],"replies":[{"embeddable":true,"href":"https:\/\/www.kehuwd.fi\/index.php\/wp-json\/wp\/v2\/comments?post=136"}],"version-history":[{"count":8,"href":"https:\/\/www.kehuwd.fi\/index.php\/wp-json\/wp\/v2\/pages\/136\/revisions"}],"predecessor-version":[{"id":507,"href":"https:\/\/www.kehuwd.fi\/index.php\/wp-json\/wp\/v2\/pages\/136\/revisions\/507"}],"wp:attachment":[{"href":"https:\/\/www.kehuwd.fi\/index.php\/wp-json\/wp\/v2\/media?parent=136"}],"curies":[{"name":"wp","href":"https:\/\/api.w.org\/{rel}","templated":true}]}}